{"id":73,"date":"2015-05-12T16:43:06","date_gmt":"2015-05-12T16:43:06","guid":{"rendered":"https:\/\/avada.theme-fusion.com\/gym\/?page_id=73"},"modified":"2026-04-13T14:11:55","modified_gmt":"2026-04-13T12:11:55","slug":"home","status":"publish","type":"page","link":"https:\/\/crossrage.pl\/","title":{"rendered":"Home"},"content":{"rendered":"<p><div class=\"fusion-fullwidth fullwidth-box fusion-builder-row-1 nonhundred-percent-fullwidth non-hundred-percent-height-scrolling\" style=\"background-color: #25292b;background-position: center center;background-repeat: no-repeat;padding-top:20px;padding-right:0px;padding-bottom:20px;padding-left:0px;margin-bottom: 0px;margin-top: 0px;border-width: 0px 0px 0px 0px;border-color:#25292b;border-style:solid;\" ><div class=\"fusion-builder-row fusion-row\"><div class=\"fusion-layout-column fusion_builder_column fusion-builder-column-0 fusion_builder_column_1_1 1_1 fusion-one-full fusion-column-first fusion-column-last\" style=\"margin-top:0px;margin-bottom:20px;\"><div class=\"fusion-column-wrapper fusion-flex-column-wrapper-legacy\" style=\"background-position:left top;background-repeat:no-repeat;-webkit-background-size:cover;-moz-background-size:cover;-o-background-size:cover;background-size:cover;padding: 0px 0px 0px 0px;\"><div class=\"fusion-text fusion-text-1\"><h2 class=\"fusion-responsive-typography-calculated\" style=\"text-align: center; --fontsize: 36; line-height: 1.28;\" data-fontsize=\"36\" data-lineheight=\"46.080002px\">DOST\u0118PNO\u015a\u0106 MIEJSC<\/h2>\n<h4 class=\"fusion-responsive-typography-calculated\" style=\"text-align: center; --fontsize: 15; line-height: 1.67; --minfontsize: 15;\" data-fontsize=\"15\" data-lineheight=\"25.049999px\"><span style=\"color: #ffcc00;\"><span style=\"color: #ffcc00;\">W trosce o Wasz komfort, bezpiecze\u0144stwo i dost\u0119pno\u015b\u0107 miejsc w klubie obowi\u0105zuje WY\u0141\u0104CZNIE mailowa (crossrage@crossrage.pl) rezerwacja miejsc.<\/span><br \/>\n<\/span><span style=\"color: #ffcc00;\"><strong><br \/>\n<\/strong><\/span><\/h4>\n<p>&nbsp;<\/p>\n<p style=\"text-align: center;\">\n<\/div><div class=\"fusion-sep-clear\"><\/div><div class=\"fusion-separator fusion-full-width-sep\" style=\"margin-left: auto;margin-right: auto;margin-top:20px;margin-bottom:30px;width:100%;\"><\/div><div class=\"fusion-sep-clear\"><\/div><div class=\"fusion-clearfix\"><\/div><\/div><\/div><\/div><\/div><div class=\"fusion-fullwidth fullwidth-box fusion-builder-row-2 nonhundred-percent-fullwidth non-hundred-percent-height-scrolling fusion-equal-height-columns\" style=\"background-color: #25292b;background-position: center center;background-repeat: no-repeat;padding-top:-30px;padding-right:0px;padding-bottom:20px;padding-left:0px;margin-bottom: 0px;margin-top: 0px;border-width: 0px 0px 0px 0px;border-color:#25292b;border-style:solid;\" ><div class=\"fusion-builder-row fusion-row\"><div class=\"fusion-layout-column fusion_builder_column fusion-builder-column-1 fusion_builder_column_1_2 1_2 fusion-one-half fusion-column-first\" style=\"width:50%;width:calc(50% - ( ( 2% ) * 0.5 ) );margin-right: 2%;margin-top:0px;margin-bottom:20px;\"><div class=\"fusion-column-wrapper fusion-flex-column-wrapper-legacy\" style=\"background-position:left top;background-repeat:no-repeat;-webkit-background-size:cover;-moz-background-size:cover;-o-background-size:cover;background-size:cover;padding: 0px 0px 0px 0px;\"><div class=\"fusion-column-content-centered\"><div class=\"fusion-column-content\"><div class=\"fusion-text fusion-text-2\"><h3 class=\"fusion-responsive-typography-calculated\" style=\"text-align: center; --fontsize: 22; line-height: 1.41; --minfontsize: 22; --fontSize: 22; --minFontSize: 22;\" data-fontsize=\"22\" data-lineheight=\"31.02px\"><span style=\"color: #fbbf17;\">Poniedzia\u0142ek,<strong> 13.04.2026<\/strong><\/span><\/h3>\n<p style=\"text-align: center;\"><b>TRENING DNIA<\/b> (Piotrek) 18:00 &#8211; miejsca dost\u0119pne<\/p>\n<p style=\"text-align: center;\"><b style=\"font-family: var(--body_typography-font-family); font-size: var(--body_typography-font-size); font-style: var(--body_typography-font-style,normal); letter-spacing: var(--body_typography-letter-spacing);\">KALISTENIKA <\/b><span style=\"font-family: var(--body_typography-font-family); font-size: var(--body_typography-font-size); font-style: var(--body_typography-font-style,normal); letter-spacing: var(--body_typography-letter-spacing);\">(Pawe\u0142) 18:15 &#8211; miejsca dost\u0119pne<\/span><\/p>\n<\/div><\/div><\/div><div class=\"fusion-clearfix\"><\/div><\/div><\/div><div class=\"fusion-layout-column fusion_builder_column fusion-builder-column-2 fusion_builder_column_1_2 1_2 fusion-one-half fusion-column-last\" style=\"width:50%;width:calc(50% - ( ( 2% ) * 0.5 ) );margin-top:0px;margin-bottom:20px;\"><div class=\"fusion-column-wrapper fusion-flex-column-wrapper-legacy\" style=\"background-position:left top;background-repeat:no-repeat;-webkit-background-size:cover;-moz-background-size:cover;-o-background-size:cover;background-size:cover;padding: 0px 0px 0px 0px;\"><div class=\"fusion-text fusion-text-3\"><h3 class=\"fusion-responsive-typography-calculated\" style=\"text-align: center; --fontsize: 22; line-height: 1.45; --minfontsize: 22; --fontSize: 22; --minFontSize: 22;\" data-fontsize=\"22\" data-lineheight=\"31.9px\"><span style=\"color: #fbbf17;\"> <strong>Wtorek, 14.04.2026<\/strong><\/span><\/h3>\n<p><b>KETTLEBELL <\/b>(Wiktor) 18:00 &#8211; miejsca dost\u0119pne<\/p>\n<p>&#8217;<b>SHE SQUATS&#8217; <\/b><span style=\"font-family: var(--body_typography-font-family); font-size: var(--body_typography-font-size); font-style: var(--body_typography-font-style,normal); letter-spacing: var(--body_typography-letter-spacing);\"><b>budowanie po\u015bladk\u00f3w<\/b> (Lidia) 19:00 &#8211; miejsca <\/span>dost\u0119pne<\/p>\n<h4 class=\"fusion-responsive-typography-calculated\" style=\"text-align: center; --fontsize: 15; line-height: 1.67; --minfontsize: 15; --fontSize: 15; --minFontSize: 15;\" data-fontsize=\"15\" data-lineheight=\"25.049999px\"><\/h4>\n<\/div><div class=\"fusion-clearfix\"><\/div><\/div><\/div><\/div><\/div><div class=\"fusion-fullwidth fullwidth-box fusion-builder-row-3 nonhundred-percent-fullwidth non-hundred-percent-height-scrolling fusion-equal-height-columns\" style=\"background-color: #25292b;background-position: center center;background-repeat: no-repeat;padding-top:20px;padding-right:0px;padding-bottom:20px;padding-left:0px;margin-bottom: 0px;margin-top: 0px;border-width: 0px 0px 0px 0px;border-color:#25292b;border-style:solid;\" ><div class=\"fusion-builder-row fusion-row\"><div class=\"fusion-layout-column fusion_builder_column fusion-builder-column-3 fusion_builder_column_1_2 1_2 fusion-one-half fusion-column-first\" style=\"width:50%;width:calc(50% - ( ( 2% ) * 0.5 ) );margin-right: 2%;margin-top:0px;margin-bottom:20px;\"><div class=\"fusion-column-wrapper fusion-flex-column-wrapper-legacy\" style=\"background-position:left top;background-repeat:no-repeat;-webkit-background-size:cover;-moz-background-size:cover;-o-background-size:cover;background-size:cover;padding: 0px 0px 0px 0px;\"><div class=\"fusion-text fusion-text-4\"><h3 class=\"fusion-responsive-typography-calculated\" style=\"text-align: center; --fontsize: 22; line-height: 1.41; --minfontsize: 22; --fontSize: 22; --minFontSize: 22;\" data-fontsize=\"22\" data-lineheight=\"31.02px\"><span style=\"color: #fbbf17;\"> <strong>\u015aroda, 15.04.2026<\/strong><\/span><\/h3>\n<p style=\"text-align: center;\"><b>TRENING DNIA<\/b> (Micha\u0142) <span style=\"color: #ff1414;\"><span style=\"caret-color: #ff1414;\"><span style=\"color: rgba(255, 255, 255, 0.97);\">18:00<\/span><\/span><\/span> &#8211; miejsca dost\u0119pne<br \/>\n<b style=\"font-family: var(--body_typography-font-family); font-size: var(--body_typography-font-size); font-style: var(--body_typography-font-style,normal); letter-spacing: var(--body_typography-letter-spacing);\">KALISTENIKA<\/b><span style=\"font-family: var(--body_typography-font-family); font-size: var(--body_typography-font-size); font-style: var(--body_typography-font-style,normal); letter-spacing: var(--body_typography-letter-spacing);\"> (Pawe\u0142) 18:15 &#8211; miejsca dost\u0119pne<br \/>\n<b>HANDSTAND <\/b>(Pawe\u0142) 19:15 &#8211; miejsca dost\u0119pne<\/span><\/p>\n<\/div><div class=\"fusion-clearfix\"><\/div><\/div><\/div><div class=\"fusion-layout-column fusion_builder_column fusion-builder-column-4 fusion_builder_column_1_2 1_2 fusion-one-half fusion-column-last\" style=\"width:50%;width:calc(50% - ( ( 2% ) * 0.5 ) );margin-top:0px;margin-bottom:20px;\"><div class=\"fusion-column-wrapper fusion-flex-column-wrapper-legacy\" style=\"background-position:left top;background-repeat:no-repeat;-webkit-background-size:cover;-moz-background-size:cover;-o-background-size:cover;background-size:cover;padding: 0px 0px 0px 0px;\"><div class=\"fusion-column-content-centered\"><div class=\"fusion-column-content\"><div class=\"fusion-text fusion-text-5\"><h3 class=\"fusion-responsive-typography-calculated\" style=\"text-align: center; --fontsize: 22; line-height: 1.41; --minfontsize: 22; --fontSize: 22; --minFontSize: 22;\" data-fontsize=\"22\" data-lineheight=\"31.02px\"><span style=\"color: #fbbf17;\"><strong>Czwartek, 16.04.2026<\/strong><\/span><\/h3>\n<p style=\"text-align: center;\"><b>BARBELL DAY <\/b>(Lidia) 18:00 &#8211; miejsca dost\u0119pne<\/p>\n<\/div><\/div><\/div><div class=\"fusion-clearfix\"><\/div><\/div><\/div><\/div><\/div><div class=\"fusion-fullwidth fullwidth-box fusion-builder-row-4 nonhundred-percent-fullwidth non-hundred-percent-height-scrolling fusion-equal-height-columns\" style=\"background-color: #25292b;background-position: center center;background-repeat: no-repeat;padding-top:20px;padding-right:0px;padding-bottom:20px;padding-left:0px;margin-bottom: 0px;margin-top: 0px;border-width: 0px 0px 0px 0px;border-color:#25292b;border-style:solid;\" ><div class=\"fusion-builder-row fusion-row\"><div class=\"fusion-layout-column fusion_builder_column fusion-builder-column-5 fusion_builder_column_1_1 1_1 fusion-one-full fusion-column-first fusion-column-last\" style=\"margin-top:0px;margin-bottom:20px;\"><div class=\"fusion-column-wrapper fusion-flex-column-wrapper-legacy\" style=\"background-position:left top;background-repeat:no-repeat;-webkit-background-size:cover;-moz-background-size:cover;-o-background-size:cover;background-size:cover;padding: 0px 0px 0px 0px;\"><div class=\"fusion-column-content-centered\"><div class=\"fusion-column-content\"><div class=\"fusion-text fusion-text-6\"><h3 class=\"fusion-responsive-typography-calculated\" style=\"text-align: center; --fontsize: 22; line-height: 1.45; --minfontsize: 22; --fontSize: 22; --minFontSize: 22;\" data-fontsize=\"22\" data-lineheight=\"31.9px\"><span style=\"color: #fbbf17;\"><strong>Pi\u0105tek, 17.04.2026<\/strong><\/span><\/h3>\n<p style=\"text-align: center;\"><span style=\"font-family: var(--body_typography-font-family); font-size: var(--body_typography-font-size); font-style: var(--body_typography-font-style,normal); letter-spacing: var(--body_typography-letter-spacing);\"><span style=\"color: #f9f5e8;\"><span style=\"caret-color: #fbbf17;\"><b>TRENING DNIA <\/b>(Rafa\u0142<\/span><\/span><\/span><span style=\"color: #f9f5e8; font-family: var(--body_typography-font-family);\"><span style=\"caret-color: #fbbf17; font-style: var(--body_typography-font-style,normal); letter-spacing: var(--body_typography-letter-spacing);\">) <\/span><\/span><span style=\"caret-color: #fbbf17; font-family: var(--body_typography-font-family); font-size: var(--body_typography-font-size); font-style: var(--body_typography-font-style,normal); letter-spacing: var(--body_typography-letter-spacing); color: #ff1414;\"><span style=\"color: #f9f9f9;\">18:00<\/span><\/span> <span style=\"caret-color: #fbbf17; font-family: var(--body_typography-font-family); font-size: var(--body_typography-font-size); font-style: var(--body_typography-font-style,normal); letter-spacing: var(--body_typography-letter-spacing); color: #f9f5e8;\">\u2013 miejsca dost\u0119pne<\/span><br \/>\n<b style=\"color: #f9f5e8; caret-color: #fbbf17; font-family: var(--body_typography-font-family); font-size: var(--body_typography-font-size); font-style: var(--body_typography-font-style,normal); letter-spacing: var(--body_typography-letter-spacing);\">KALISTENIKA <\/b><span style=\"color: #f9f5e8; caret-color: #fbbf17; font-family: var(--body_typography-font-family); font-size: var(--body_typography-font-size); font-style: var(--body_typography-font-style,normal); letter-spacing: var(--body_typography-letter-spacing);\">(Pawe\u0142) 18:15 &#8211; miejsca <\/span><span style=\"color: #f9f5e8;\"><span style=\"caret-color: #fbbf17;\">dost\u0119pne<\/span><\/span><\/p>\n<\/div><\/div><\/div><div class=\"fusion-clearfix\"><\/div><\/div><\/div><div class=\"fusion-layout-column fusion_builder_column fusion-builder-column-6 fusion_builder_column_1_2 1_2 fusion-one-half fusion-column-first\" style=\"width:50%;width:calc(50% - ( ( 2% ) * 0.5 ) );margin-right: 2%;margin-top:0px;margin-bottom:20px;\"><div class=\"fusion-column-wrapper fusion-flex-column-wrapper-legacy\" style=\"background-position:left top;background-repeat:no-repeat;-webkit-background-size:cover;-moz-background-size:cover;-o-background-size:cover;background-size:cover;padding: 0px 0px 0px 0px;\"><div class=\"fusion-column-content-centered\"><div class=\"fusion-column-content\"><div class=\"fusion-text fusion-text-7\"><h3 class=\"fusion-responsive-typography-calculated\" style=\"text-align: center; --fontsize: 22; line-height: 1.45; --minfontsize: 22; --fontSize: 22; --minFontSize: 22;\" data-fontsize=\"22\" data-lineheight=\"31.9px\"><span style=\"color: #fbbf17;\"><strong>Sobota, 18.04.2026<\/strong><\/span><\/h3>\n<p style=\"text-align: center;\"><span style=\"font-family: var(--body_typography-font-family); font-size: var(--body_typography-font-size); font-style: var(--body_typography-font-style,normal); letter-spacing: var(--body_typography-letter-spacing);\"><span style=\"color: #f9f9f9;\"><span style=\"caret-color: #fbbf17;\"><b>MOBILITY <\/b>(Krzysiek) 10:00 &#8211; miejsca dost\u0119pne<\/span><\/span><\/span><span style=\"color: #f9f9f9;\"><br \/>\n<\/span><b style=\"caret-color: #fbbf17; color: #f9f9f9; font-family: var(--body_typography-font-family); font-size: var(--body_typography-font-size); font-style: var(--body_typography-font-style,normal); letter-spacing: var(--body_typography-letter-spacing);\">HANDSTAND <\/b><span style=\"color: #f9f9f9; font-family: var(--body_typography-font-family);\"><span style=\"caret-color: #fbbf17; font-style: var(--body_typography-font-style,normal); letter-spacing: var(--body_typography-letter-spacing);\">(Pawe\u0142) 11:00 &#8211; miejsca <\/span><\/span><font color=\"#f9f9f9\"><span style=\"caret-color: rgb(251, 191, 23);\">dost\u0119pne <\/span><\/font><\/p>\n<\/div><\/div><\/div><div class=\"fusion-clearfix\"><\/div><\/div><\/div><div class=\"fusion-layout-column fusion_builder_column fusion-builder-column-7 fusion_builder_column_1_2 1_2 fusion-one-half fusion-column-last\" style=\"width:50%;width:calc(50% - ( ( 2% ) * 0.5 ) );margin-top:0px;margin-bottom:20px;\"><div class=\"fusion-column-wrapper fusion-flex-column-wrapper-legacy\" style=\"background-position:left top;background-repeat:no-repeat;-webkit-background-size:cover;-moz-background-size:cover;-o-background-size:cover;background-size:cover;padding: 0px 0px 0px 0px;\"><div class=\"fusion-column-content-centered\"><div class=\"fusion-column-content\"><div class=\"fusion-text fusion-text-8\"><h3 class=\"fusion-responsive-typography-calculated\" style=\"text-align: center; --fontsize: 22; line-height: 1.45; --minfontsize: 22; --fontSize: 22; --minFontSize: 22;\" data-fontsize=\"22\" data-lineheight=\"31.9px\"><span style=\"color: #fbbf17;\"><strong>Niedziela, 19.04.2026<\/strong><\/span><\/h3>\n<p style=\"text-align: center;\"><span style=\"color: #ffffff;\"><span style=\"font-size: 16px;\"><b>KILL YOUR ABS<\/b> <\/span><span style=\"font-weight: normal; font-size: 16px;\">(Lidia) 12:00 \u2013 miejsca dost\u0119pne<\/span><\/span><\/p>\n<\/div><\/div><\/div><div class=\"fusion-clearfix\"><\/div><\/div><\/div><\/div><\/div><\/p>\n","protected":false},"excerpt":{"rendered":"","protected":false},"author":1,"featured_media":0,"parent":0,"menu_order":0,"comment_status":"closed","ping_status":"closed","template":"100-width.php","meta":{"_mi_skip_tracking":false},"_links":{"self":[{"href":"https:\/\/crossrage.pl\/index.php\/wp-json\/wp\/v2\/pages\/73"}],"collection":[{"href":"https:\/\/crossrage.pl\/index.php\/wp-json\/wp\/v2\/pages"}],"about":[{"href":"https:\/\/crossrage.pl\/index.php\/wp-json\/wp\/v2\/types\/page"}],"author":[{"embeddable":true,"href":"https:\/\/crossrage.pl\/index.php\/wp-json\/wp\/v2\/users\/1"}],"replies":[{"embeddable":true,"href":"https:\/\/crossrage.pl\/index.php\/wp-json\/wp\/v2\/comments?post=73"}],"version-history":[{"count":1874,"href":"https:\/\/crossrage.pl\/index.php\/wp-json\/wp\/v2\/pages\/73\/revisions"}],"predecessor-version":[{"id":4782,"href":"https:\/\/crossrage.pl\/index.php\/wp-json\/wp\/v2\/pages\/73\/revisions\/4782"}],"wp:attachment":[{"href":"https:\/\/crossrage.pl\/index.php\/wp-json\/wp\/v2\/media?parent=73"}],"curies":[{"name":"wp","href":"https:\/\/api.w.org\/{rel}","templated":true}]}}